{"id":98,"date":"2018-05-03T11:34:00","date_gmt":"2018-05-03T09:34:00","guid":{"rendered":"http:\/\/www.di-druck.de\/?page_id=98"},"modified":"2018-05-03T11:49:08","modified_gmt":"2018-05-03T09:49:08","slug":"gewinner-2017-jubilaeumsband-50-jahre-stiftung-buchkunst","status":"publish","type":"page","link":"https:\/\/www.di-druck.de\/index.php\/gewinner-2017-jubilaeumsband-50-jahre-stiftung-buchkunst\/","title":{"rendered":"Gewinner 2017: \u201eJubil\u00e4umsband 50 Jahre Stiftung Buchkunst\u201c"},"content":{"rendered":"<p><img loading=\"lazy\" decoding=\"async\" class=\"alignleft wp-image-370 size-medium\" src=\"https:\/\/www.di-druck.de\/wp-content\/uploads\/2018\/05\/hcp_20171019048-e1509005461621-260x300.jpg\" alt=\"\" width=\"260\" height=\"300\" \/>Am 19. Oktober 2017 wurde zum 12. Mal der DID-Award f\u00fcr herausragende Druckweiter\u00adverarbeitungen verliehen. Die Gewinnertroph\u00e4e nahm Erik Kurtz, Gesch\u00e4ftsf\u00fchrer der K\u00f6sel GmbH &amp; Co. KG aus Altusried-Krugzell f\u00fcr das Werk \u201eJubil\u00e4umsband 50 Jahre Stiftung Buchkunst\u201c entgegen. Der Jubil\u00e4umsband zur Sonderausstellung \u201e50 B\u00fccher \u2013 50 Jahre\u201c unterstreicht das Motto des f\u00fcnfzigsten Jahres der Stiftung Buchkunst: \u201eWir feiern die Sch\u00f6nheit der B\u00fccher\u201c.<\/p>\n<p>Die Jury begr\u00fcndete ihre Entscheidung f\u00fcr \u201e50 Jahre Stiftung Buchkunst\u201c folgenderma\u00dfen: Die einzigartige Covertechnik ist eine innovative Verarbeitung, die technisch einwandfrei umgesetzt wurde. Durch die neuartige Lamello-Covertechnik liegt das Buch perfekt in der Hand. Gelungen werden die B\u00fccher innerhalb des Buches in Szene gesetzt. Der Anspruch des DID-Award an Innovationskraft und Kreativit\u00e4t wird durch diese neuartige Druckweiterverarbeitung vollends erf\u00fcllt.<\/p>\n<p>Dazu auch Erik Kurtz: \u201eDie Idee f\u00fcr dieses Cover hatte ich bereits vor zehn Jahren, als ich etwas\u00c4hnliches aus Holz gesehen habe. Das lie\u00df mich nicht mehr los und wir haben seitdem immer wieder get\u00fcftelt \u2013 bis wir eine L\u00f6sung f\u00fcr Pappe hatten, die sich auch industriell erstellen lie\u00df.\"<\/p>\n<p>Neben der K\u00f6sel GmbH &amp; Co. KG, die die Druckweiterverarbeitung bewerkstelligte, war auch die design-plus GmbH beteiligt.<\/p>\n<p>\u00dcberreicht wurde der Preis auf dem Treffpunkt Technik des bvdm in Berlin von Dr. Paul Albert Deimel, Hauptgesch\u00e4ftsf\u00fchrer des Bundesverbandes Druck und Medien (bvdm) und des Deutschen Institut Druck E.V (DID).<\/p>\n<p><img loading=\"lazy\" decoding=\"async\" class=\"aligncenter wp-image-371 size-large\" src=\"https:\/\/www.di-druck.de\/wp-content\/uploads\/2018\/05\/hcp_20171019039-1024x683.jpg\" alt=\"\" width=\"840\" height=\"560\" \/><\/p>\n","protected":false},"excerpt":{"rendered":"<p>Am 19. Oktober 2017 wurde zum 12. Mal der DID-Award f\u00fcr herausragende Druckweiter\u00adverarbeitungen verliehen. Die Gewinnertroph\u00e4e nahm Erik Kurtz, Gesch\u00e4ftsf\u00fchrer der K\u00f6sel GmbH &amp; Co. KG aus Altusried-Krugzell f\u00fcr das Werk \u201eJubil\u00e4umsband 50 Jahre Stiftung Buchkunst\u201c entgegen. Der Jubil\u00e4umsband zur Sonderausstellung \u201e50 B\u00fccher \u2013 50 Jahre\u201c unterstreicht das Motto des f\u00fcnfzigsten Jahres der Stiftung Buchkunst: <a href=\"https:\/\/www.di-druck.de\/index.php\/gewinner-2017-jubilaeumsband-50-jahre-stiftung-buchkunst\/\" class=\"more-link\">...weiterlesen<span class=\"screen-reader-text\"> \"Gewinner 2017: \u201eJubil\u00e4umsband 50 Jahre Stiftung Buchkunst\u201c\"<\/span><\/a><\/p>\n","protected":false},"author":3,"featured_media":0,"parent":0,"menu_order":0,"comment_status":"closed","ping_status":"closed","template":"","meta":{"footnotes":""},"class_list":["post-98","page","type-page","status-publish","h-entry","hentry","h-as-page"],"_links":{"self":[{"href":"https:\/\/www.di-druck.de\/index.php\/wp-json\/wp\/v2\/pages\/98","targetHints":{"allow":["GET"]}}],"collection":[{"href":"https:\/\/www.di-druck.de\/index.php\/wp-json\/wp\/v2\/pages"}],"about":[{"href":"https:\/\/www.di-druck.de\/index.php\/wp-json\/wp\/v2\/types\/page"}],"author":[{"embeddable":true,"href":"https:\/\/www.di-druck.de\/index.php\/wp-json\/wp\/v2\/users\/3"}],"replies":[{"embeddable":true,"href":"https:\/\/www.di-druck.de\/index.php\/wp-json\/wp\/v2\/comments?post=98"}],"version-history":[{"count":3,"href":"https:\/\/www.di-druck.de\/index.php\/wp-json\/wp\/v2\/pages\/98\/revisions"}],"predecessor-version":[{"id":122,"href":"https:\/\/www.di-druck.de\/index.php\/wp-json\/wp\/v2\/pages\/98\/revisions\/122"}],"wp:attachment":[{"href":"https:\/\/www.di-druck.de\/index.php\/wp-json\/wp\/v2\/media?parent=98"}],"curies":[{"name":"wp","href":"https:\/\/api.w.org\/{rel}","templated":true}]}}