{"id":96,"date":"2018-05-03T11:33:19","date_gmt":"2018-05-03T09:33:19","guid":{"rendered":"http:\/\/www.di-druck.de\/?page_id=96"},"modified":"2018-05-03T11:51:13","modified_gmt":"2018-05-03T09:51:13","slug":"gewinner-2016-oskar-leo-kaufmann-69-projekte-2012-1996","status":"publish","type":"page","link":"https:\/\/www.di-druck.de\/index.php\/gewinner-2016-oskar-leo-kaufmann-69-projekte-2012-1996\/","title":{"rendered":"Gewinner 2016: Oskar Leo Kaufmann: 69 Projekte 2012-1996"},"content":{"rendered":"<p><img loading=\"lazy\" decoding=\"async\" class=\"alignleft wp-image-339 size-medium\" src=\"https:\/\/www.di-druck.de\/wp-content\/uploads\/2018\/05\/Kaufmann_3-300x200.jpg\" alt=\"Kaufmann_3\" width=\"300\" height=\"200\" \/>Gewinner des DID Award 2016\u00a0ist das Werk \u201eOskar Leo Kaufmann: 69 Projekte 2012-1996\u201c.\u00a0Die Monografie pr\u00e4sentiert die Arbeiten des Architekten Oskar Leo Kaufmann aus den Jahren 1996-2012. Neben der K\u00f6sel GmbH, die die Druckweiterverarbeitung bewerkstelligte, waren die Buchdruckerei Lustenau GmbH und die Park Books AG beteiligt.<\/p>\n<p>\u00dcberreicht wurde der Preis auf dem Treffpunkt Technik des bvdm in Berlin von Paul-Albert Deimel, Hauptgesch\u00e4ftsf\u00fchrer des Bundesverbandes Druck und Medien (bvdm) und des DID.<br \/>\nDie Jury begr\u00fcndete ihre Entscheidung f\u00fcr die Oskar Leo Kaufmanns: 69 Projekte 2012-1996 folgenderma\u00dfen:<\/p>\n<p><img loading=\"lazy\" decoding=\"async\" class=\"alignright wp-image-337 size-medium\" src=\"https:\/\/www.di-druck.de\/wp-content\/uploads\/2018\/05\/Kaufmann_1-300x200.jpg\" alt=\"Kaufmann_1\" width=\"300\" height=\"200\" \/>Die Monografie f\u00e4llt direkt durch ihre mit zwei Steifbrosch\u00fcren als Klappbuch gefertigte Deckenkonstruktion auf. Perfekt sind zwei B\u00e4nde inhaltlich aufeinander abgestimmt und werden erst gemeinsam zu einem Bildband. Gelungen werden die architektonischen Werke dadurch in Szene gesetzt.<\/p>\n<p>Der Anspruch des DID Award an die Innovations- und Kreationskraft wird durch diese neuartige Druckweiterverarbeitung vollends erf\u00fcllt. Das durchdachte Konstrukt verk\u00f6rpert einerseits Kreativit\u00e4t und wirkt andererseits massiv und stabil.<\/p>\n<p><img loading=\"lazy\" decoding=\"async\" class=\"size-medium wp-image-336 alignleft\" src=\"https:\/\/www.di-druck.de\/wp-content\/uploads\/2018\/05\/Kaufmann_4-300x222-1.jpg\" alt=\"Kaufmann_4\" width=\"300\" height=\"222\" \/>Den Anspruch der \u201eMaschinell\/Industriellen\u201c Machbarkeit zeigten die einzelnen Druckweiterverarbeitungssysteme: Falzen, Zusammentragen, Fadenheften, Einh\u00e4ngen und anschlie\u00dfend verbinden der zwei B\u00e4nde. Diese Techniken machen das Doppelbuch zu einem echten Hingucker.<\/p>\n<p>Da mit diesem Objekt die Druckweiterverarbeitung eindrucksvoll als innovativer Motor der Buchbindereien dargestellt wird, hat diese Einsendung den DID Award 2016 verdient.<\/p>\n","protected":false},"excerpt":{"rendered":"<p>Gewinner des DID Award 2016\u00a0ist das Werk \u201eOskar Leo Kaufmann: 69 Projekte 2012-1996\u201c.\u00a0Die Monografie pr\u00e4sentiert die Arbeiten des Architekten Oskar Leo Kaufmann aus den Jahren 1996-2012. Neben der K\u00f6sel GmbH, die die Druckweiterverarbeitung bewerkstelligte, waren die Buchdruckerei Lustenau GmbH und die Park Books AG beteiligt. \u00dcberreicht wurde der Preis auf dem Treffpunkt Technik des bvdm <a href=\"https:\/\/www.di-druck.de\/index.php\/gewinner-2016-oskar-leo-kaufmann-69-projekte-2012-1996\/\" class=\"more-link\">...weiterlesen<span class=\"screen-reader-text\"> \"Gewinner 2016: Oskar Leo Kaufmann: 69 Projekte 2012-1996\"<\/span><\/a><\/p>\n","protected":false},"author":3,"featured_media":0,"parent":0,"menu_order":0,"comment_status":"closed","ping_status":"closed","template":"","meta":{"footnotes":""},"class_list":["post-96","page","type-page","status-publish","h-entry","hentry","h-as-page"],"_links":{"self":[{"href":"https:\/\/www.di-druck.de\/index.php\/wp-json\/wp\/v2\/pages\/96","targetHints":{"allow":["GET"]}}],"collection":[{"href":"https:\/\/www.di-druck.de\/index.php\/wp-json\/wp\/v2\/pages"}],"about":[{"href":"https:\/\/www.di-druck.de\/index.php\/wp-json\/wp\/v2\/types\/page"}],"author":[{"embeddable":true,"href":"https:\/\/www.di-druck.de\/index.php\/wp-json\/wp\/v2\/users\/3"}],"replies":[{"embeddable":true,"href":"https:\/\/www.di-druck.de\/index.php\/wp-json\/wp\/v2\/comments?post=96"}],"version-history":[{"count":2,"href":"https:\/\/www.di-druck.de\/index.php\/wp-json\/wp\/v2\/pages\/96\/revisions"}],"predecessor-version":[{"id":126,"href":"https:\/\/www.di-druck.de\/index.php\/wp-json\/wp\/v2\/pages\/96\/revisions\/126"}],"wp:attachment":[{"href":"https:\/\/www.di-druck.de\/index.php\/wp-json\/wp\/v2\/media?parent=96"}],"curies":[{"name":"wp","href":"https:\/\/api.w.org\/{rel}","templated":true}]}}