{"id":94,"date":"2018-05-03T11:32:36","date_gmt":"2018-05-03T09:32:36","guid":{"rendered":"http:\/\/www.di-druck.de\/?page_id=94"},"modified":"2018-05-03T11:54:21","modified_gmt":"2018-05-03T09:54:21","slug":"gewinner-2015-ars-viva","status":"publish","type":"page","link":"https:\/\/www.di-druck.de\/index.php\/gewinner-2015-ars-viva\/","title":{"rendered":"Gewinner 2015: Ars Viva"},"content":{"rendered":"<p><img loading=\"lazy\" decoding=\"async\" class=\" wp-image-220 alignleft\" src=\"https:\/\/www.di-druck.de\/wp-content\/uploads\/2018\/05\/DSC03735-300x200.jpg\" alt=\"DSC03735\" width=\"240\" height=\"160\" \/>Das Siegerprodukt des DID-Awards 2015 ist \u201eArs Viva\u201c, ein Katalog zur gleichnamigen Ausstellungsreihe. Er stellt die Arbeiten von drei K\u00fcnstlern vor, die mit dem Ars-Viva-Preis f\u00fcr Bildende Kunst pr\u00e4miert\u00a0worden sind. Die Arbeiten werden einheitlich in einem Band zusammengefasst, die einzelnen Book-in-Book-Teile lassen sich aber auch beliebig oft entnehmen und wieder einf\u00fcgen.<\/p>\n<p><img loading=\"lazy\" decoding=\"async\" class=\" wp-image-67 alignright\" src=\"https:\/\/www.di-druck.de\/wp-content\/uploads\/2018\/05\/3-deimel-kurtz-klein-211x300.jpg\" alt=\"3 deimel-kurtz-klein\" width=\"191\" height=\"272\" \/>Erstmalig wurde bei diesem Katalog ein Book-in-Book mit mehr als einem herausnehmbaren Teil industriell gefertigt. Aufgrund technischer Grenzwerte w\u00e4re die\u00a0R\u00fcckenst\u00e4rke der Gesamtbroschur ungewollt dick ausgefallen. Um dies zu verhindern, wurde eine spezielle Kombination aus Klebebindung und Fadensiegelung entwickelt, die den gew\u00fcnschten Umfang des Kunden nicht \u00fcberschritt. Das in einer Auflage von 1.200 Exemplaren produzierte Buch hat 128 Seiten (3 x 32 Seiten Klebebindung und 1 x 16 und 2 x 8 Seiten Fadensiegelung) sowie ein Format von 21 cm x 28 cm. Das Layout stammt von Bachmann Paulsen Grafikdesign. Vorstufe, Druck und Weiterverarbeitung wurden von K\u00f6sel ausgef\u00fchrt.<\/p>\n","protected":false},"excerpt":{"rendered":"<p>Das Siegerprodukt des DID-Awards 2015 ist \u201eArs Viva\u201c, ein Katalog zur gleichnamigen Ausstellungsreihe. Er stellt die Arbeiten von drei K\u00fcnstlern vor, die mit dem Ars-Viva-Preis f\u00fcr Bildende Kunst pr\u00e4miert\u00a0worden sind. Die Arbeiten werden einheitlich in einem Band zusammengefasst, die einzelnen Book-in-Book-Teile lassen sich aber auch beliebig oft entnehmen und wieder einf\u00fcgen. Erstmalig wurde bei diesem <a href=\"https:\/\/www.di-druck.de\/index.php\/gewinner-2015-ars-viva\/\" class=\"more-link\">...weiterlesen<span class=\"screen-reader-text\"> \"Gewinner 2015: Ars Viva\"<\/span><\/a><\/p>\n","protected":false},"author":3,"featured_media":0,"parent":0,"menu_order":0,"comment_status":"closed","ping_status":"closed","template":"","meta":{"footnotes":""},"class_list":["post-94","page","type-page","status-publish","h-entry","hentry","h-as-page"],"_links":{"self":[{"href":"https:\/\/www.di-druck.de\/index.php\/wp-json\/wp\/v2\/pages\/94","targetHints":{"allow":["GET"]}}],"collection":[{"href":"https:\/\/www.di-druck.de\/index.php\/wp-json\/wp\/v2\/pages"}],"about":[{"href":"https:\/\/www.di-druck.de\/index.php\/wp-json\/wp\/v2\/types\/page"}],"author":[{"embeddable":true,"href":"https:\/\/www.di-druck.de\/index.php\/wp-json\/wp\/v2\/users\/3"}],"replies":[{"embeddable":true,"href":"https:\/\/www.di-druck.de\/index.php\/wp-json\/wp\/v2\/comments?post=94"}],"version-history":[{"count":2,"href":"https:\/\/www.di-druck.de\/index.php\/wp-json\/wp\/v2\/pages\/94\/revisions"}],"predecessor-version":[{"id":130,"href":"https:\/\/www.di-druck.de\/index.php\/wp-json\/wp\/v2\/pages\/94\/revisions\/130"}],"wp:attachment":[{"href":"https:\/\/www.di-druck.de\/index.php\/wp-json\/wp\/v2\/media?parent=94"}],"curies":[{"name":"wp","href":"https:\/\/api.w.org\/{rel}","templated":true}]}}