{"id":90,"date":"2018-05-03T11:30:49","date_gmt":"2018-05-03T09:30:49","guid":{"rendered":"http:\/\/www.di-druck.de\/?page_id=90"},"modified":"2018-05-03T11:57:43","modified_gmt":"2018-05-03T09:57:43","slug":"gewinner-2013-bindbox-des-buchbindernetzwerkes-bindnet","status":"publish","type":"page","link":"https:\/\/www.di-druck.de\/index.php\/gewinner-2013-bindbox-des-buchbindernetzwerkes-bindnet\/","title":{"rendered":"Gewinner 2013: BindBox des Buchbindernetzwerkes BIND|Net"},"content":{"rendered":"<p><img loading=\"lazy\" decoding=\"async\" class=\"alignleft wp-image-263\" src=\"https:\/\/www.di-druck.de\/wp-content\/uploads\/2018\/05\/BIND-BOX-300x200.jpg\" alt=\"BIND BOX\" width=\"401\" height=\"267\" \/>Bind|Net ist der Gewinner des DID-Awards 2013. Die Gewinnertroph\u00e4e f\u00fcr die BindBox durfte die Josef Spinner Gro\u00dfbuchbinderei GmbH aus Ottersweier als einreichender des Buchbindernetzwerkes BIND|Net das aus sieben Buchbindereien besteht, in Empfang nehmen. Zu dem Netzwerk geh\u00f6ren neben der Josef Spinner Gro\u00dfbuchbinderei GmbH aus Ottersweier die Gro\u00dfbuchbinderei Schiffmann GmbH aus R\u00f6srath, design-plus GmbH aus Ostrach, Gwizdalski GmbH aus Anzing, Buchbinderei Schaumann GmbH aus Darmstadt, Buchbinderei Vogel GmbH aus Kirchheim bei M\u00fcnchen und die Diegmann B\u00fcckers GmbH aus Anzing. \u00dcberreicht wurde der Preis auf der PrintNight in Stuttgart von Rolf Schwarz, Pr\u00e4sident des bvdm und Vorsitzender des DID.<\/p>\n<p>Die Begr\u00fcndung der Jury lautet: Die Box f\u00e4llt direkt durch ihre quaderf\u00f6rmige Form und durch das\u00a0samtige \u00dcberzugsmaterial mit den diversen Pr\u00e4gungen und der farbig passenden Wire-O-Spirale auf allen Seiten des Deckels auf. Bei genauerem Hinsehen entpuppt sich die BindBox als Element aus vier Schubern, die zusammengesetzt den Quader ergeben.<\/p>\n<p>Der Anspruch des DID-Award an die Innovations- und Kreationskraft stellt die BindBox selbst dar. Sie wird durch vier Klappen ge\u00f6ffnet, die mittels der Wire-O-Bindung einzeln oder auch zusammen hochgeklappt werden k\u00f6nnen und somit den Inhalt sichtbar machen.<\/p>\n<p><img loading=\"lazy\" decoding=\"async\" class=\"aligncenter wp-image-262 size-full\" src=\"https:\/\/www.di-druck.de\/wp-content\/uploads\/2018\/05\/2013-10-Gewinnerfoto1-e1454431082641.jpg\" alt=\"2013-10-Gewinnerfoto1\" width=\"675\" height=\"377\" \/><\/p>\n<p>Den Anspruch der \u201emaschinell\/industriellen\u201c Machbarkeit zeigt der Inhalt der BindBox. In den vier F\u00e4chern unter dem Schuber sind insgesamt 26 Bindearten als Muster enthalten. Die Palette reicht von Hardcover mit verschiedenen Bindungen und Deckenausf\u00fchrungen, Brosch\u00fcren und Spiralbindungen \u00fcber Sonderstanzungen und Falzbeispiele. Weitere Elemente in der Box zeigen Steppstichheftung, Schuber, Kassetten und Medienverpackungen. Die Proben haben alle das gleiche Format, sodass ein Vergleich einfach m\u00f6glich ist. Alle Elemente sind maschinell und industriell in hohen Auflagen herzustellen.<\/p>\n<p>Da mit diesem Tool die Druckweiterverarbeitung eindrucksvoll als Demonstrationsobjekt f\u00fcr die Kunden der Buchbindereien dargestellt wird, hat diese Einsendung den DID-Award 2013 verdient.<\/p>\n","protected":false},"excerpt":{"rendered":"<p>Bind|Net ist der Gewinner des DID-Awards 2013. Die Gewinnertroph\u00e4e f\u00fcr die BindBox durfte die Josef Spinner Gro\u00dfbuchbinderei GmbH aus Ottersweier als einreichender des Buchbindernetzwerkes BIND|Net das aus sieben Buchbindereien besteht, in Empfang nehmen. Zu dem Netzwerk geh\u00f6ren neben der Josef Spinner Gro\u00dfbuchbinderei GmbH aus Ottersweier die Gro\u00dfbuchbinderei Schiffmann GmbH aus R\u00f6srath, design-plus GmbH aus Ostrach, <a href=\"https:\/\/www.di-druck.de\/index.php\/gewinner-2013-bindbox-des-buchbindernetzwerkes-bindnet\/\" class=\"more-link\">...weiterlesen<span class=\"screen-reader-text\"> \"Gewinner 2013: BindBox des Buchbindernetzwerkes BIND|Net\"<\/span><\/a><\/p>\n","protected":false},"author":3,"featured_media":0,"parent":0,"menu_order":0,"comment_status":"closed","ping_status":"closed","template":"","meta":{"footnotes":""},"class_list":["post-90","page","type-page","status-publish","h-entry","hentry","h-as-page"],"_links":{"self":[{"href":"https:\/\/www.di-druck.de\/index.php\/wp-json\/wp\/v2\/pages\/90","targetHints":{"allow":["GET"]}}],"collection":[{"href":"https:\/\/www.di-druck.de\/index.php\/wp-json\/wp\/v2\/pages"}],"about":[{"href":"https:\/\/www.di-druck.de\/index.php\/wp-json\/wp\/v2\/types\/page"}],"author":[{"embeddable":true,"href":"https:\/\/www.di-druck.de\/index.php\/wp-json\/wp\/v2\/users\/3"}],"replies":[{"embeddable":true,"href":"https:\/\/www.di-druck.de\/index.php\/wp-json\/wp\/v2\/comments?post=90"}],"version-history":[{"count":2,"href":"https:\/\/www.di-druck.de\/index.php\/wp-json\/wp\/v2\/pages\/90\/revisions"}],"predecessor-version":[{"id":139,"href":"https:\/\/www.di-druck.de\/index.php\/wp-json\/wp\/v2\/pages\/90\/revisions\/139"}],"wp:attachment":[{"href":"https:\/\/www.di-druck.de\/index.php\/wp-json\/wp\/v2\/media?parent=90"}],"curies":[{"name":"wp","href":"https:\/\/api.w.org\/{rel}","templated":true}]}}