{"id":88,"date":"2018-05-03T11:29:50","date_gmt":"2018-05-03T09:29:50","guid":{"rendered":"http:\/\/www.di-druck.de\/?page_id=88"},"modified":"2018-05-03T11:58:47","modified_gmt":"2018-05-03T09:58:47","slug":"gewinner-2012-celesio-ag-geschaeftsbericht-2011","status":"publish","type":"page","link":"https:\/\/www.di-druck.de\/index.php\/gewinner-2012-celesio-ag-geschaeftsbericht-2011\/","title":{"rendered":"Gewinner 2012: Celesio AG Gesch\u00e4ftsbericht 2011"},"content":{"rendered":"<p><img loading=\"lazy\" decoding=\"async\" class=\"size-full wp-image-74 alignleft\" src=\"https:\/\/www.di-druck.de\/wp-content\/uploads\/2018\/05\/7-celesio-details.jpg\" alt=\"7 celesio-details\" width=\"200\" height=\"194\" \/>Gewinner des DID-Awards 2012 ist der \u201eCelesio Gesch\u00e4ftsbericht 2011\u201c! Die Troph\u00e4e nahmen die druckweiterverarbeitenden Firmen EBERL Print GmbH, Immenstadt, und Josef Spinner Gro\u00dfbuchbinderei GmbH, Ottersweier, entgegen. Gedruckt und eingereicht wurde das Werk von EBERL Print. Ebenfalls ausgezeichnet wurden die Agentur Strichpunkt GmbH, Stuttgart, und der Auftraggeber Celesio AG, Stuttgart. Den Preis \u00fcberreichten Christian Breyer, Sprecher der Gruppe Druckweiterverarbeitung im DID, und Dr. Paul Albert Deimel, Hauptgesch\u00e4ftsf\u00fchrer von bvdm und DID.<\/p>\n<p><img loading=\"lazy\" decoding=\"async\" class=\"size-medium wp-image-76 alignright\" src=\"https:\/\/www.di-druck.de\/wp-content\/uploads\/2018\/05\/7-gewinner2012-300x156.jpg\" alt=\"7 gewinner2012\" width=\"300\" height=\"156\" \/>Die Begr\u00fcndung der Jury lautet: Das Buch f\u00e4llt auf den ersten Blick sofort durch seinen besonderen Umschlag und die \u201eeinfache\u201c und strukturierte Gestaltung auf. Durch die Kombination von verschiedenen Brosch\u00fcren in einem mehrseitigen Umschlag wird dieses Buch zu einem besonderen Produkt in der Druckweiterverarbeitung. Die Zusammenf\u00fchrung von Funktionalit\u00e4t und Design ist bei der Entwicklung und Herstellung von Umschlag, Inhalt und Umverpackung sehr gut gelungen.<\/p>\n<p>Die Innovation an diesem Gesch\u00e4ftsbericht ist der 10-teilige Leporello-Umschlag, in Kombination mit<br \/>\nden in PUR-gebundenen Brosch\u00fcren und der Einarbeitung der Brosch\u00fcrenr\u00fccken in Freir\u00fcckenmachart, bei einer technisch guten Realisierung. Die Botschaft sowie der Inhalt und die Funktion des Buches werden sehr klar, deutlich und \u00fcbersichtlich wahrgenommen.<\/p>\n<p>Durch einen hohen Gebrauchswert und die qualitativ sehr gute Verarbeitung der Brosch\u00fcren und des Umschlages sowie durch den Einsatz von Hilfsmaterialen im Umschlag \u2013 Magnetfolien dienen zur Verbesserung des Handlings und Steigerung des Gebrauchswertes \u2013 hat sich dieses Produkt von allen Mitwettbewerbern abgehoben. Mit einer \u00fcberwiegend industriellen Fertigung und der ausgezeichneten Umsetzung dieser au\u00dfergew\u00f6hnlichen Idee ist diese Einreichung ein w\u00fcrdiger Sieger des DID-Awards f\u00fcr Druckweiterverarbeitung.<\/p>\n","protected":false},"excerpt":{"rendered":"<p>Gewinner des DID-Awards 2012 ist der \u201eCelesio Gesch\u00e4ftsbericht 2011\u201c! Die Troph\u00e4e nahmen die druckweiterverarbeitenden Firmen EBERL Print GmbH, Immenstadt, und Josef Spinner Gro\u00dfbuchbinderei GmbH, Ottersweier, entgegen. Gedruckt und eingereicht wurde das Werk von EBERL Print. Ebenfalls ausgezeichnet wurden die Agentur Strichpunkt GmbH, Stuttgart, und der Auftraggeber Celesio AG, Stuttgart. Den Preis \u00fcberreichten Christian Breyer, Sprecher <a href=\"https:\/\/www.di-druck.de\/index.php\/gewinner-2012-celesio-ag-geschaeftsbericht-2011\/\" class=\"more-link\">...weiterlesen<span class=\"screen-reader-text\"> \"Gewinner 2012: Celesio AG Gesch\u00e4ftsbericht 2011\"<\/span><\/a><\/p>\n","protected":false},"author":3,"featured_media":0,"parent":0,"menu_order":0,"comment_status":"closed","ping_status":"closed","template":"","meta":{"footnotes":""},"class_list":["post-88","page","type-page","status-publish","h-entry","hentry","h-as-page"],"_links":{"self":[{"href":"https:\/\/www.di-druck.de\/index.php\/wp-json\/wp\/v2\/pages\/88","targetHints":{"allow":["GET"]}}],"collection":[{"href":"https:\/\/www.di-druck.de\/index.php\/wp-json\/wp\/v2\/pages"}],"about":[{"href":"https:\/\/www.di-druck.de\/index.php\/wp-json\/wp\/v2\/types\/page"}],"author":[{"embeddable":true,"href":"https:\/\/www.di-druck.de\/index.php\/wp-json\/wp\/v2\/users\/3"}],"replies":[{"embeddable":true,"href":"https:\/\/www.di-druck.de\/index.php\/wp-json\/wp\/v2\/comments?post=88"}],"version-history":[{"count":2,"href":"https:\/\/www.di-druck.de\/index.php\/wp-json\/wp\/v2\/pages\/88\/revisions"}],"predecessor-version":[{"id":142,"href":"https:\/\/www.di-druck.de\/index.php\/wp-json\/wp\/v2\/pages\/88\/revisions\/142"}],"wp:attachment":[{"href":"https:\/\/www.di-druck.de\/index.php\/wp-json\/wp\/v2\/media?parent=88"}],"curies":[{"name":"wp","href":"https:\/\/api.w.org\/{rel}","templated":true}]}}