{"id":85,"date":"2018-05-03T11:28:53","date_gmt":"2018-05-03T09:28:53","guid":{"rendered":"http:\/\/www.di-druck.de\/?page_id=85"},"modified":"2018-05-03T11:59:49","modified_gmt":"2018-05-03T09:59:49","slug":"gewinner-2011-40-jahre-obi-jubilaeumsbuch","status":"publish","type":"page","link":"https:\/\/www.di-druck.de\/index.php\/gewinner-2011-40-jahre-obi-jubilaeumsbuch\/","title":{"rendered":"Gewinner 2011: 40 Jahre Obi \u2013 Jubil\u00e4umsbuch"},"content":{"rendered":"<p><img loading=\"lazy\" decoding=\"async\" class=\"alignleft wp-image-257 size-medium\" src=\"https:\/\/www.di-druck.de\/wp-content\/uploads\/2018\/05\/DID-A7-1-a_01-OBI-300x200.jpg\" alt=\"DID-A7-1-a_01-OBI\" width=\"300\" height=\"200\" \/>Das \u201e40 Jahre Obi \u2013 Jubil\u00e4umsbuch\u201c ist der Gewinner des DID-Awards 2011! Die Gewinnertroph\u00e4e durfte die Josef Spinner Gro\u00dfbuchbinderei GmbH aus Ottersweier als durchf\u00fchrender Druckweiterverarbeiter in Empfang nehmen. Ebenfalls ausgezeichnet wurden die Raff Druck GmbH, Riederich sowie die Agentur KircherBurkhardt GmbH, Berlin sowie der Auftraggeber, die Obi Bau- und Heimwerkerm\u00e4rkte GmbH &amp; Co., Wermelskirchen. \u00dcberreicht wurde der Preis auf der PrintNight in Stuttgart von Dr. Paul Albert Deimel, Hauptgesch\u00e4ftsf\u00fchrer von bvdm und DID, und Peter Berger, stellv. Sprecher der Gruppe Druckweiterverarbeitung im DID.<\/p>\n<p>Die Jury begr\u00fcndete ihre Entscheidung f\u00fcr \u201e40 Jahre Obi\u201c folgenderma\u00dfen:<\/p>\n<p>Das Buch f\u00e4llt auf den ersten Blick sofort auf \u2013 durch den Bucheinschlag aus einseitig farbigem Papier und durch seine besondere, fast schon \u201eschlicht\u201c gestaltete Buchdecke, welche jedoch durch eine Blind- und Folienpr\u00e4gung wieder stark aufgewertet wurde. Durch die Kombination der Materialien und den farbigen Buchleinen als Halbgewebeband gefertigt, wird das Farblayout von \u201eOBI\u201c sehr gut umgesetzt und der Wiedererkennungswert des Firmenlogos beim Leser erh\u00f6ht.<img loading=\"lazy\" decoding=\"async\" class=\"aligncenter wp-image-258 size-large\" src=\"https:\/\/www.di-druck.de\/wp-content\/uploads\/2018\/05\/Gewinnerfoto_2011-1024x681.jpg\" alt=\"Gewinnerfoto_2011\" width=\"840\" height=\"559\" \/><\/p>\n<p>Die umgesetzten buchbinderischen Weiterverarbeitungsdetails und Techniken in dieser Form und<br \/>\nKombination sind perfekt umgesetzt und in der buchbinderischen Weiterverarbeitung bisher eher eine Ausnahme. Die Japanbindung im Innenteil des Jubil\u00e4umsbuches wertet das Volumen des Inhaltes zus\u00e4tzlich auf und verbindet Neugierde und Kreativit\u00e4t, die besondere Haptik l\u00f6st Emotionen aus.<\/p>\n<p>Durch die Realisierung verschiedener Verarbeitungstechniken und die Verschmelzung von mehreren Buchteilen zu einem einzigen Gesamtwerk, ist das OBI-Jubil\u00e4umsbuch ein besonderes \u201eHighlight\u201c der Druckweiterverarbeitung.<\/p>\n<p>Der sehr hohe industrielle Fertigungsgrad bei der Herstellung des Buches, bei einer Auflage von 30.000 Exemplaren, hebt dieses Buch deutlich von seinen Mitbewerbern ab\u00a0und wird dadurch zu einem w\u00fcrdigen Sieger des DID-Awards f\u00fcr Druckweiterverarbeitung.<\/p>\n","protected":false},"excerpt":{"rendered":"<p>Das \u201e40 Jahre Obi \u2013 Jubil\u00e4umsbuch\u201c ist der Gewinner des DID-Awards 2011! Die Gewinnertroph\u00e4e durfte die Josef Spinner Gro\u00dfbuchbinderei GmbH aus Ottersweier als durchf\u00fchrender Druckweiterverarbeiter in Empfang nehmen. Ebenfalls ausgezeichnet wurden die Raff Druck GmbH, Riederich sowie die Agentur KircherBurkhardt GmbH, Berlin sowie der Auftraggeber, die Obi Bau- und Heimwerkerm\u00e4rkte GmbH &amp; Co., Wermelskirchen. \u00dcberreicht <a href=\"https:\/\/www.di-druck.de\/index.php\/gewinner-2011-40-jahre-obi-jubilaeumsbuch\/\" class=\"more-link\">...weiterlesen<span class=\"screen-reader-text\"> \"Gewinner 2011: 40 Jahre Obi \u2013 Jubil\u00e4umsbuch\"<\/span><\/a><\/p>\n","protected":false},"author":3,"featured_media":0,"parent":0,"menu_order":0,"comment_status":"closed","ping_status":"closed","template":"","meta":{"footnotes":""},"class_list":["post-85","page","type-page","status-publish","h-entry","hentry","h-as-page"],"_links":{"self":[{"href":"https:\/\/www.di-druck.de\/index.php\/wp-json\/wp\/v2\/pages\/85","targetHints":{"allow":["GET"]}}],"collection":[{"href":"https:\/\/www.di-druck.de\/index.php\/wp-json\/wp\/v2\/pages"}],"about":[{"href":"https:\/\/www.di-druck.de\/index.php\/wp-json\/wp\/v2\/types\/page"}],"author":[{"embeddable":true,"href":"https:\/\/www.di-druck.de\/index.php\/wp-json\/wp\/v2\/users\/3"}],"replies":[{"embeddable":true,"href":"https:\/\/www.di-druck.de\/index.php\/wp-json\/wp\/v2\/comments?post=85"}],"version-history":[{"count":3,"href":"https:\/\/www.di-druck.de\/index.php\/wp-json\/wp\/v2\/pages\/85\/revisions"}],"predecessor-version":[{"id":145,"href":"https:\/\/www.di-druck.de\/index.php\/wp-json\/wp\/v2\/pages\/85\/revisions\/145"}],"wp:attachment":[{"href":"https:\/\/www.di-druck.de\/index.php\/wp-json\/wp\/v2\/media?parent=85"}],"curies":[{"name":"wp","href":"https:\/\/api.w.org\/{rel}","templated":true}]}}