{"id":83,"date":"2018-05-03T11:28:11","date_gmt":"2018-05-03T09:28:11","guid":{"rendered":"http:\/\/www.di-druck.de\/?page_id=83"},"modified":"2018-05-03T12:00:29","modified_gmt":"2018-05-03T10:00:29","slug":"gewinner-2010-extra-enzyklopaedie-der-experimentellen-druckveredelung","status":"publish","type":"page","link":"https:\/\/www.di-druck.de\/index.php\/gewinner-2010-extra-enzyklopaedie-der-experimentellen-druckveredelung\/","title":{"rendered":"Gewinner 2010: Extra \u2013 Enzyklop\u00e4die der experimentellen Druckveredelung"},"content":{"rendered":"<p><img loading=\"lazy\" decoding=\"async\" class=\"size-medium wp-image-80 alignleft\" src=\"https:\/\/www.di-druck.de\/wp-content\/uploads\/2018\/05\/9-extra-280x300.png\" alt=\"9 extra\" width=\"280\" height=\"300\" \/>\u201eextra\u201c hei\u00dft und ist das Gewinnerprodukt des DID-Award f\u00fcr Druckweiterverarbeitung 2010! Die Macher der Enzyklop\u00e4die der experimentellen Druckveredelung K\u00f6sel GmbH &amp; Co. KG, Altusried-Krugzell (Weiterverarbeiter), Birkh\u00e4user Verlag GmbH, CH-Basel (Auftraggeber), Rimini, Berlin (Agentur), und weitere beteiligte Dienstleister wurden am Donnerstag, 18. November 2010, im Rahmen der PrintNight und der Preisverleihung des Innovationspreises der Deutschen Druckindustrie in Stuttgart ausgezeichnet.<\/p>\n<p>Die Jury-Meinung:<br \/>\nDas Buch f\u00e4llt auf den ersten Blick sofort durch seinen besonderen Umschlag und die klare und strukturierte Gestaltung auf. Durch die Kombination von zwei verschiedenen Buchblockverarbeitungstechniken in einem einzigen Hardcover-Umschlag wird dieses Buch zu einem besonderen Produkt der Druckweiterverarbeitung. Es hat sich durch einen hohen Gebrauchswert und die qualitativ sehr gute Verarbeitung von Block (Klebebindung und Wire-O-Bindung), Umschlag und Decke sowie durch den Einsatz von hochwertigen Materialien in der Weiterverarbeitung von allen Mitbewerbern abgehoben.<\/p>\n<p>Die Botschaft sowie der Inhalt und die Funktion des Buches werden sehr klar, deutlich und \u00fcbersichtlich in den unterschiedlichsten Varianten an den Kunden herangef\u00fchrt und durch eine gelungene gute Haptik unterst\u00fctzt. Die verschiedensten Veredelungstechniken sind sinnlich erfahrbar und sehr gut umgesetzt. Alle dargestellten Druckveredelungsverfahren sind anschaulich f\u00fcr alle Zielgruppen erkl\u00e4rt. Das Produkt wird dadurch zu einem unentbehrlichen Werkzeug f\u00fcr Kreative.<\/p>\n<p>Ein sehr hoher industrieller Fertigungsgrad (ca. 85%) bei der Herstellung der Enzyklop\u00e4die machen dieses Buch zu einem w\u00fcrdigen Sieger des DID-Awards.<\/p>\n","protected":false},"excerpt":{"rendered":"<p>\u201eextra\u201c hei\u00dft und ist das Gewinnerprodukt des DID-Award f\u00fcr Druckweiterverarbeitung 2010! Die Macher der Enzyklop\u00e4die der experimentellen Druckveredelung K\u00f6sel GmbH &amp; Co. KG, Altusried-Krugzell (Weiterverarbeiter), Birkh\u00e4user Verlag GmbH, CH-Basel (Auftraggeber), Rimini, Berlin (Agentur), und weitere beteiligte Dienstleister wurden am Donnerstag, 18. November 2010, im Rahmen der PrintNight und der Preisverleihung des Innovationspreises der Deutschen Druckindustrie <a href=\"https:\/\/www.di-druck.de\/index.php\/gewinner-2010-extra-enzyklopaedie-der-experimentellen-druckveredelung\/\" class=\"more-link\">...weiterlesen<span class=\"screen-reader-text\"> \"Gewinner 2010: Extra \u2013 Enzyklop\u00e4die der experimentellen Druckveredelung\"<\/span><\/a><\/p>\n","protected":false},"author":3,"featured_media":0,"parent":0,"menu_order":0,"comment_status":"closed","ping_status":"closed","template":"","meta":{"footnotes":""},"class_list":["post-83","page","type-page","status-publish","h-entry","hentry","h-as-page"],"_links":{"self":[{"href":"https:\/\/www.di-druck.de\/index.php\/wp-json\/wp\/v2\/pages\/83","targetHints":{"allow":["GET"]}}],"collection":[{"href":"https:\/\/www.di-druck.de\/index.php\/wp-json\/wp\/v2\/pages"}],"about":[{"href":"https:\/\/www.di-druck.de\/index.php\/wp-json\/wp\/v2\/types\/page"}],"author":[{"embeddable":true,"href":"https:\/\/www.di-druck.de\/index.php\/wp-json\/wp\/v2\/users\/3"}],"replies":[{"embeddable":true,"href":"https:\/\/www.di-druck.de\/index.php\/wp-json\/wp\/v2\/comments?post=83"}],"version-history":[{"count":2,"href":"https:\/\/www.di-druck.de\/index.php\/wp-json\/wp\/v2\/pages\/83\/revisions"}],"predecessor-version":[{"id":147,"href":"https:\/\/www.di-druck.de\/index.php\/wp-json\/wp\/v2\/pages\/83\/revisions\/147"}],"wp:attachment":[{"href":"https:\/\/www.di-druck.de\/index.php\/wp-json\/wp\/v2\/media?parent=83"}],"curies":[{"name":"wp","href":"https:\/\/api.w.org\/{rel}","templated":true}]}}