{"id":81,"date":"2018-05-03T11:27:28","date_gmt":"2018-05-03T09:27:28","guid":{"rendered":"http:\/\/www.di-druck.de\/?page_id=81"},"modified":"2018-05-03T12:01:33","modified_gmt":"2018-05-03T10:01:33","slug":"gewinner-2009-adidas-lookbook-originals-fall-winter-2008","status":"publish","type":"page","link":"https:\/\/www.di-druck.de\/index.php\/gewinner-2009-adidas-lookbook-originals-fall-winter-2008\/","title":{"rendered":"Gewinner 2009: adidas lookbook originals fall\/winter 2008"},"content":{"rendered":"<p><img loading=\"lazy\" decoding=\"async\" class=\"size-medium wp-image-253 alignleft\" src=\"https:\/\/www.di-druck.de\/wp-content\/uploads\/2018\/05\/Adidas-DID-2009-05-300x225.jpg\" alt=\"Adidas-DID-2009-05\" width=\"300\" height=\"225\" \/>Zum vierten\u00a0Mal wurde auf der \u201ePrintNight\u201c am 24. September 2009 in der Liederhalle Stuttgart der \u201eDID-Award f\u00fcr innovative Druckweiterverarbeitung\u201c vergeben. Gewinner des diesj\u00e4hrigen Wettbewerbs ist das \u201eadidas lookbook originals fall\/winter 2008\u201c.<\/p>\n<p>Die Jury begr\u00fcndete ihre Entscheidung f\u00fcr das \u201eadidas lookbook\u201c folgenderma\u00dfen: Das Gewinnerprodukt ist insgesamt eine sehr interessante Ausstattungsvariante mit vielen verschiedenen maschinellen Arbeitsg\u00e4ngen. Die Verarbeitung des gesamten Produktes ist sehr gut gelungen, die Formstanzung des Buchblocks ist sauber, glatt und ohne Mangel. Die fadengeheftete Broschur zum Einlegen ist passgenau gestanzt und hat eine sehr saubere Verarbeitung.<\/p>\n<p><img loading=\"lazy\" decoding=\"async\" class=\"wp-image-251 size-large aligncenter\" src=\"https:\/\/www.di-druck.de\/wp-content\/uploads\/2018\/05\/090329_MKP0379-e1454430343419-1024x736.jpg\" alt=\"090329_MKP0379\" width=\"840\" height=\"604\" \/><\/p>\n<p>Das \u201eadidas lookbook\u201c hat eine feste Decke mit einem zweigeteilten Innenleben. Einerseits\u00a0einen\u00a0Buchblock, klebegebunden als Schweizer Broschur, diese ist innen formgestanzt zur Aufnahme einer zweiten fadengehefteten Broschur mit offener Bindung. Der Spiegel des hinteren Umschlages ist ebenfalls ausgestanzt zur Aufnahme eines mit Gewebe bezogenen Stanzlings mit integrierter CD. Des Weiteren ist im vorderen Umschlag ein gefalztes Poster eingeklebt. Der Gewebe\u00fcberzug ist im Siebdruck einfarbig bedruckt.<\/p>\n<p>Die Gewinnertroph\u00e4en durfte Norbert Terbeck, Buchbinderei Terbeck aus Coesfeld, als durchf\u00fchrender Druckweiterverarbeiter in Empfang nehmen. Ebenfalls ausgezeichnet wurden die Agentur bel epok GmbH, K\u00f6ln, sowie die Druckerei Druckpartner Druck- und Medienhaus, Essen. \u00dcberreicht wurde der Preis auf der PrintNight in Stuttgart von Thomas Mayer, Hauptgesch\u00e4ftsf\u00fchrer des\u00a0bvdm und DID.<\/p>\n","protected":false},"excerpt":{"rendered":"<p>Zum vierten\u00a0Mal wurde auf der \u201ePrintNight\u201c am 24. September 2009 in der Liederhalle Stuttgart der \u201eDID-Award f\u00fcr innovative Druckweiterverarbeitung\u201c vergeben. Gewinner des diesj\u00e4hrigen Wettbewerbs ist das \u201eadidas lookbook originals fall\/winter 2008\u201c. Die Jury begr\u00fcndete ihre Entscheidung f\u00fcr das \u201eadidas lookbook\u201c folgenderma\u00dfen: Das Gewinnerprodukt ist insgesamt eine sehr interessante Ausstattungsvariante mit vielen verschiedenen maschinellen Arbeitsg\u00e4ngen. Die <a href=\"https:\/\/www.di-druck.de\/index.php\/gewinner-2009-adidas-lookbook-originals-fall-winter-2008\/\" class=\"more-link\">...weiterlesen<span class=\"screen-reader-text\"> \"Gewinner 2009: adidas lookbook originals fall\/winter 2008\"<\/span><\/a><\/p>\n","protected":false},"author":3,"featured_media":0,"parent":0,"menu_order":0,"comment_status":"closed","ping_status":"closed","template":"","meta":{"footnotes":""},"class_list":["post-81","page","type-page","status-publish","h-entry","hentry","h-as-page"],"_links":{"self":[{"href":"https:\/\/www.di-druck.de\/index.php\/wp-json\/wp\/v2\/pages\/81","targetHints":{"allow":["GET"]}}],"collection":[{"href":"https:\/\/www.di-druck.de\/index.php\/wp-json\/wp\/v2\/pages"}],"about":[{"href":"https:\/\/www.di-druck.de\/index.php\/wp-json\/wp\/v2\/types\/page"}],"author":[{"embeddable":true,"href":"https:\/\/www.di-druck.de\/index.php\/wp-json\/wp\/v2\/users\/3"}],"replies":[{"embeddable":true,"href":"https:\/\/www.di-druck.de\/index.php\/wp-json\/wp\/v2\/comments?post=81"}],"version-history":[{"count":3,"href":"https:\/\/www.di-druck.de\/index.php\/wp-json\/wp\/v2\/pages\/81\/revisions"}],"predecessor-version":[{"id":151,"href":"https:\/\/www.di-druck.de\/index.php\/wp-json\/wp\/v2\/pages\/81\/revisions\/151"}],"wp:attachment":[{"href":"https:\/\/www.di-druck.de\/index.php\/wp-json\/wp\/v2\/media?parent=81"}],"curies":[{"name":"wp","href":"https:\/\/api.w.org\/{rel}","templated":true}]}}