{"id":79,"date":"2018-05-03T11:26:33","date_gmt":"2018-05-03T09:26:33","guid":{"rendered":"http:\/\/www.di-druck.de\/?page_id=79"},"modified":"2018-05-03T12:02:30","modified_gmt":"2018-05-03T10:02:30","slug":"gewinner-2008-geschaeftsbericht-thyssen-krupp-einblicke-2007","status":"publish","type":"page","link":"https:\/\/www.di-druck.de\/index.php\/gewinner-2008-geschaeftsbericht-thyssen-krupp-einblicke-2007\/","title":{"rendered":"Gewinner 2008: Gesch\u00e4ftsbericht Thyssen Krupp \u201eEinblicke 2007\u201c"},"content":{"rendered":"<p><img loading=\"lazy\" decoding=\"async\" class=\"size-full wp-image-86 alignleft\" src=\"https:\/\/www.di-druck.de\/wp-content\/uploads\/2018\/05\/11-thyssen.jpg\" alt=\"11 thyssen\" width=\"150\" height=\"176\" \/>Zum dritten Mal wurde auf der \u201ePrintNight\u201c am 9. Oktober 2008 in der Union-Halle Frankfurt der \u201eDID-Award f\u00fcr innovative Druckweiterverarbeitung\u201c vergeben. Gewinner des diesj\u00e4hrigen Wettbewerbs ist der Gesch\u00e4ftsbericht Thyssen Krupp \u201eEinblicke 2007\u201c.<\/p>\n<p>Der Gesch\u00e4ftsbericht Thyssen Krupp \u201eEinblicke 2007\u201c wurde mit dem DID-Award 2008 ausgezeichnet. Die Gewinnertroph\u00e4e durfte Herr Willi Hennes, H. &amp; W. Hennes GmbH aus Gladbeck, als durchf\u00fchrender Druckweiterverarbeiter in Empfang nehmen. Ebenfalls ausgezeichnet wurden die Thyssen Krupp AG als Auftraggeber sowie die Agentur H\u00e4flinger und Wagner Design, M\u00fcnchen sowie die Druckerei Druckpartner Druck- und Medienhaus, Essen. \u00dcberreicht wurde der Preis auf der PrintNight in Frankfurt am Main von Rolf Schwarz, Pr\u00e4sident des bvdm; Michael Neugart, Gesch\u00e4ftsf\u00fchrer Polar Mohr AG und Sprecher der Gruppe Druckweiterverarbeitung im DID sowie Thomas Mayer, Hauptgesch\u00e4ftsf\u00fchrer von bvdm und DID.<\/p>\n<p>Die Jury begr\u00fcndete ihre Entscheidung f\u00fcr \u201eEinblicke 2007\u201c folgenderma\u00dfen:<\/p>\n<p><img loading=\"lazy\" decoding=\"async\" class=\"wp-image-85 size-full alignright\" src=\"https:\/\/www.di-druck.de\/wp-content\/uploads\/2018\/05\/11-sieger08.jpg\" alt=\"11 sieger08\" width=\"460\" height=\"206\" \/>Der Gesch\u00e4ftsbericht Thyssen Krupp \u201eEinblicke 2007\u201c besticht bereits bei erster Betrachtung durch Eleganz und hochwertige Materialien. Insbesondere f\u00e4llt die sehr gute Verarbeitung auf. Es wurden verschiedenste Techniken der industriellen Druckweiterverarbeitung umgesetzt und vielf\u00e4ltige maschinelle Arbeitsg\u00e4nge angewendet, wie Klebebindung, Stanzung, R\u00fcckstichheftung, verschiedene Falzarten, Verklebungen, Gravur usw. Dar\u00fcber hinaus beein-druckt das Werk mit einer aufwendigen Effektlackierung und hervorragender Verarbeitungsqualit\u00e4t.<\/p>\n<p>Auf der \u201ePrintNight\u201c wurden die Gewinner des DID-Awards 2008 und des Innovationspreises der Deutschen Druckindustrie 2008 geb\u00fchrend gefeiert. 380 G\u00e4ste genossen in der Union-Halle Frankfurt am Main einen sehr gelungenen Abend mit Preisverleihungen und Unterhaltung.<\/p>\n","protected":false},"excerpt":{"rendered":"<p>Zum dritten Mal wurde auf der \u201ePrintNight\u201c am 9. Oktober 2008 in der Union-Halle Frankfurt der \u201eDID-Award f\u00fcr innovative Druckweiterverarbeitung\u201c vergeben. Gewinner des diesj\u00e4hrigen Wettbewerbs ist der Gesch\u00e4ftsbericht Thyssen Krupp \u201eEinblicke 2007\u201c. Der Gesch\u00e4ftsbericht Thyssen Krupp \u201eEinblicke 2007\u201c wurde mit dem DID-Award 2008 ausgezeichnet. Die Gewinnertroph\u00e4e durfte Herr Willi Hennes, H. &amp; W. Hennes GmbH <a href=\"https:\/\/www.di-druck.de\/index.php\/gewinner-2008-geschaeftsbericht-thyssen-krupp-einblicke-2007\/\" class=\"more-link\">...weiterlesen<span class=\"screen-reader-text\"> \"Gewinner 2008: Gesch\u00e4ftsbericht Thyssen Krupp \u201eEinblicke 2007\u201c\"<\/span><\/a><\/p>\n","protected":false},"author":3,"featured_media":0,"parent":0,"menu_order":0,"comment_status":"closed","ping_status":"closed","template":"","meta":{"footnotes":""},"class_list":["post-79","page","type-page","status-publish","h-entry","hentry","h-as-page"],"_links":{"self":[{"href":"https:\/\/www.di-druck.de\/index.php\/wp-json\/wp\/v2\/pages\/79","targetHints":{"allow":["GET"]}}],"collection":[{"href":"https:\/\/www.di-druck.de\/index.php\/wp-json\/wp\/v2\/pages"}],"about":[{"href":"https:\/\/www.di-druck.de\/index.php\/wp-json\/wp\/v2\/types\/page"}],"author":[{"embeddable":true,"href":"https:\/\/www.di-druck.de\/index.php\/wp-json\/wp\/v2\/users\/3"}],"replies":[{"embeddable":true,"href":"https:\/\/www.di-druck.de\/index.php\/wp-json\/wp\/v2\/comments?post=79"}],"version-history":[{"count":2,"href":"https:\/\/www.di-druck.de\/index.php\/wp-json\/wp\/v2\/pages\/79\/revisions"}],"predecessor-version":[{"id":154,"href":"https:\/\/www.di-druck.de\/index.php\/wp-json\/wp\/v2\/pages\/79\/revisions\/154"}],"wp:attachment":[{"href":"https:\/\/www.di-druck.de\/index.php\/wp-json\/wp\/v2\/media?parent=79"}],"curies":[{"name":"wp","href":"https:\/\/api.w.org\/{rel}","templated":true}]}}