{"id":4,"date":"2016-01-29T12:19:54","date_gmt":"2016-01-29T11:19:54","guid":{"rendered":"http:\/\/www.di-druck.de\/?page_id=4"},"modified":"2022-08-24T07:57:17","modified_gmt":"2022-08-24T05:57:17","slug":"4-2","status":"publish","type":"page","link":"https:\/\/www.di-druck.de\/","title":{"rendered":""},"content":{"rendered":"\n<p><img loading=\"lazy\" decoding=\"async\" class=\"alignleft wp-image-227\" src=\"\/wp-content\/uploads\/2020\/09\/DID_Logo_mZusatz.png\" alt=\"\" width=\"150\" height=\"122\" \/>Das Deutsche Institut Druck&nbsp;E.&nbsp;V. (DID) ist eine gemeinn\u00fctzige Organisation der Zulieferer des Wirtschaftsbereiches Druck und Medien.<\/p><p>Renommierte Firmen haben sich dem Deutschen Institut Druck angeschlossen, um in verschiedenen Fachbereichen des <a href=\"http:\/\/www.bvdm-online.de\">Bundesverbandes Druck und Medien&nbsp;e.&nbsp;V.<\/a> (bvdm)\u00a0gemeinsam mit den Anwendern aktuelle Themen der Druck- und Medienindustrie zu diskutieren und weiterzuentwickeln.<\/p><p>Spezielle Gruppen wurden f\u00fcr die Bereiche Digitaldruck, Druckweiterverarbeitung, Medienvorstufe, Offsetdruck, Siebdruck und Tiefdruck gegr\u00fcndet. Die <a href=\"\/index.php\/mitgliedschaft-und-beitraege\/\">Mitgliedsbeitr\u00e4ge<\/a> dienen in erster Linie der F\u00f6rderung von Forschungsvorhaben und Marktuntersuchungen, die der bvdm gemeinsam mit Forschungsinstituten oder Hochschulen durchf\u00fchrt.<\/p><p>Die Zusammenarbeit der Mitglieder des DID wird durch die <a href=\"\/wp-content\/uploads\/2016\/02\/DID-Satzung-red-17-11-2014.pdf\">Satzung<\/a> geregelt. Der Jahresbeitrag f\u00fcr eine Basismitgliedschaft betr\u00e4gt 1.600&nbsp;Euro. Daf\u00fcr erhalten Mitglieder des DID Informationen aus den Fachbereichen des bvdm und k\u00f6nnen \u00fcber die Verwendung von Mitteln aus Mitgliedsbeitr\u00e4gen mitentscheiden.<\/p><p><strong>Interesse an der Mitgliedschaft im Deutschen Institut Druck?<\/strong><br \/><a href=\"\/wp-content\/uploads\/2020\/09\/DID-Antrag_Mitgliedschaft.pdf\">Jetzt Antwortfax herunterladen<\/a><\/strong><\/p>\n<p>Das DID bietet seinen F\u00f6rdermitgliedern&nbsp;\u2013 \u00fcber den bvdm&nbsp;\u2013 gezielten Wissenstransfer, fachlichen Erfahrungsaustausch, neuste Brancheninformationen und die Chance zur aktiven Mitarbeit in zukunftsorientierten Arbeitsfeldern. Sie d\u00fcrfen an Fachveranstaltungen des bvdm zu Vorzugspreisen oder kostenfrei teilnehmen. Auch besteht die M\u00f6glichkeit, Eigenwerbung auf Veranstaltungen des bvdm auszulegen.<\/p>\n<hr \/>\n<h2>Kontakt<\/h2>\n<p>Deutsches Institut Druck&nbsp;E.&nbsp;V.<br \/>Markgrafenstra\u00dfe 15<br \/>10969 Berlin<br \/>Telefon (0 30) 20 91 39-0<br \/>Telefax (0 30) 20 91 39-113<br \/>E-Mail <a href=\"mailto:info@di-druck.de\">info@di-druck.de<\/a><\/p>\n","protected":false},"excerpt":{"rendered":"<p>Das Deutsche Institut Druck&nbsp;E.&nbsp;V. (DID) ist eine gemeinn\u00fctzige Organisation der Zulieferer des Wirtschaftsbereiches Druck und Medien. Renommierte Firmen haben sich dem Deutschen Institut Druck angeschlossen, um in verschiedenen Fachbereichen des Bundesverbandes Druck und Medien&nbsp;e.&nbsp;V. (bvdm)\u00a0gemeinsam mit den Anwendern aktuelle Themen der Druck- und Medienindustrie zu diskutieren und weiterzuentwickeln. Spezielle Gruppen wurden f\u00fcr die Bereiche Digitaldruck, <a href=\"https:\/\/www.di-druck.de\/\" class=\"more-link\">...weiterlesen<span class=\"screen-reader-text\"> \"\"<\/span><\/a><\/p>\n","protected":false},"author":3,"featured_media":0,"parent":0,"menu_order":0,"comment_status":"closed","ping_status":"closed","template":"","meta":{"footnotes":""},"class_list":["post-4","page","type-page","status-publish","h-entry","hentry","h-as-page"],"_links":{"self":[{"href":"https:\/\/www.di-druck.de\/index.php\/wp-json\/wp\/v2\/pages\/4","targetHints":{"allow":["GET"]}}],"collection":[{"href":"https:\/\/www.di-druck.de\/index.php\/wp-json\/wp\/v2\/pages"}],"about":[{"href":"https:\/\/www.di-druck.de\/index.php\/wp-json\/wp\/v2\/types\/page"}],"author":[{"embeddable":true,"href":"https:\/\/www.di-druck.de\/index.php\/wp-json\/wp\/v2\/users\/3"}],"replies":[{"embeddable":true,"href":"https:\/\/www.di-druck.de\/index.php\/wp-json\/wp\/v2\/comments?post=4"}],"version-history":[{"count":24,"href":"https:\/\/www.di-druck.de\/index.php\/wp-json\/wp\/v2\/pages\/4\/revisions"}],"predecessor-version":[{"id":278,"href":"https:\/\/www.di-druck.de\/index.php\/wp-json\/wp\/v2\/pages\/4\/revisions\/278"}],"wp:attachment":[{"href":"https:\/\/www.di-druck.de\/index.php\/wp-json\/wp\/v2\/media?parent=4"}],"curies":[{"name":"wp","href":"https:\/\/api.w.org\/{rel}","templated":true}]}}