{"id":190,"date":"2018-05-25T14:04:36","date_gmt":"2018-05-25T12:04:36","guid":{"rendered":"http:\/\/www.di-druck.de\/?page_id=190"},"modified":"2022-08-24T09:54:01","modified_gmt":"2022-08-24T07:54:01","slug":"datenschutzerklaerung","status":"publish","type":"page","link":"https:\/\/www.di-druck.de\/index.php\/datenschutzerklaerung\/","title":{"rendered":"Datenschutzerkl\u00e4rung"},"content":{"rendered":"<p>Das DID unterrichtet Sie hiermit \u00fcber Art, Umfang und Zwecke der Erhebung personenbezogener Daten \u00fcber die Website www.di-druck.de (nachfolgend \u201eWebsite\u201c) und ihre Verwendung.<\/p>\n<p>I. Verantwortliche Stelle<\/p>\n<p>Verantwortlicher im datenschutzrechtlichen Sinn ist das Deutsches Institut Druck E.V., Markgrafenstra\u00dfe 15, 10969 Berlin , Tel.: (0 30) 20 91 39 0, E-Mail info@di-druck.de (nachfolgend \u201eDID\u201c).<\/p>\n<p>II. Personenbezogene Daten<\/p>\n<p>Personenbezogene Daten sind gem\u00e4\u00df Art. 4 Nr. 1 DSGVO alle Informationen, die sich auf eine identifizierte oder identifizierbare nat\u00fcrliche Person beziehen; als identifizierbar wird eine nat\u00fcrliche Person angesehen, die direkt oder indirekt, insbesondere mittels Zuordnung zu einer Kennung wie einem Namen, zu einer Kennnummer, zu Standortdaten, zu einer Online-Kennung oder zu einem oder mehreren besonderen Merkmalen, die Ausdruck der physischen, physiologischen, genetischen, psychischen, wirtschaftlichen, kulturellen oder sozialen Identit\u00e4t dieser nat\u00fcrlichen Person sind, identifiziert werden kann.<\/p>\n<p>III. Datenerhebung und -verarbeitung<\/p>\n<p>F\u00fcr die Bereitstellung der Website bedient sich das DID der Dienste des Providers INWX GmbH, Prinzessinnenstr. 30, 10969 Berlin (nachfolgend \u201eProvider\u201c). Alle Datenverarbeitungsvorg\u00e4nge \u00fcber diese Website erfolgen nach Ma\u00dfgabe eines Auftragsdatenverarbeitungsvertrags mit dem Provider \u00fcber Server des Providers.\u00a0Bei der Nutzung der Website werden personenbezogene Daten nach folgender Ma\u00dfgabe erhoben:<\/p>\n<p>Bei jedem Aufruf der Website werden automatisiert folgende Informationen vom Computersystem des Nutzers erhoben: Informationen \u00fcber den Browsertyp und die verwendete Version, das Betriebssystem des Nutzers, die IP-Adresse des Nutzers, Datum und Uhrzeit des Zugriffs, Dateianfrage des Nutzers (Dateiname, URL), Websites, von denen das System des Nutzers auf unsere Website gelangt. Die beschriebenen Daten werden in den Logfiles des Providers gespeichert. Es findet keine Speicherung dieser Daten zusammen mit anderen personenbezogenen Daten des Nutzers statt.<\/p>\n<p>Die vor\u00fcbergehende Speicherung der IP-Adresse durch den Provider ist erforderlich, um eine Auslieferung der Website an den Rechner des Nutzers zu erm\u00f6glichen. Hierf\u00fcr muss die IP-Adresse des Nutzers f\u00fcr die Dauer der Sitzung gespeichert bleiben. Die Speicherung in Logfiles erfolgt, um die Funktionsf\u00e4higkeit der Website sicherzustellen. Zudem dienen die Daten der Optimierung der Website und der Sicherstellung der Sicherheit der informationstechnischen Systeme. Eine Auswertung der Daten zu Marketingzwecken findet nicht statt. Rechtsgrundlage f\u00fcr die vor\u00fcbergehende Speicherung der Daten und der Logfiles ist Art. 6 Abs. 1 lit. f DSGVO.<\/p>\n<p>Die Erfassung der Daten zur Bereitstellung der Website und die Speicherung der Daten in Logfiles ist f\u00fcr den Betrieb der Website zwingend erforderlich.<br \/>\nDie Daten werden gel\u00f6scht, sobald sie f\u00fcr die Erreichung des Zweckes ihrer Erhebung nicht mehr erforderlich sind. Sofern Ihre Daten erfasst werden, um die Bereitstellung der Website zu gew\u00e4hrleisten, werden die Daten gel\u00f6scht, wenn die jeweilige Sitzung beendet ist. Die Daten, die in Logfiles gespeichert werden, werden nach sp\u00e4testens sieben Tagen gel\u00f6scht.<\/p>\n<p>IV. Ihre Rechte \/ Rechte des Betroffenen<\/p>\n<p>Sie haben nach der DSGVO ein Recht auf unentgeltliche Auskunft hinsichtlich der Sie betreffenden personenbezogenen Daten sowie ggf. ein Recht auf Berichtigung, Einschr\u00e4nkung der Verarbeitung, Widerspruch gegen die Verarbeitung, auf Daten\u00fcbertragbarkeit oder L\u00f6schung dieser Daten.<\/p>\n<p>Sie haben zudem ein Beschwerderecht bei der zust\u00e4ndigen Datenschutz-<br \/>\nAufsichtsbeh\u00f6rde.<\/p>\n<p>V. Fragen zum Datenschutz<\/p>\n<p>Sie k\u00f6nnen uns unter den in Ziffer I. genannten Kontaktdaten zu allen mit der Erhebung, Verarbeitung oder Nutzung Ihrer personenbezogenen Daten im Zusammenhang stehenden Fragen und mit der Wahrnehmung Ihrer Rechte gem\u00e4\u00df der DSGVO kontaktieren.<\/p>\n","protected":false},"excerpt":{"rendered":"<p>Das DID unterrichtet Sie hiermit \u00fcber Art, Umfang und Zwecke der Erhebung personenbezogener Daten \u00fcber die Website www.di-druck.de (nachfolgend \u201eWebsite\u201c) und ihre Verwendung. I. Verantwortliche Stelle Verantwortlicher im datenschutzrechtlichen Sinn ist das Deutsches Institut Druck E.V., Markgrafenstra\u00dfe 15, 10969 Berlin , Tel.: (0 30) 20 91 39 0, E-Mail info@di-druck.de (nachfolgend \u201eDID\u201c). II. Personenbezogene Daten <a href=\"https:\/\/www.di-druck.de\/index.php\/datenschutzerklaerung\/\" class=\"more-link\">...weiterlesen<span class=\"screen-reader-text\"> \"Datenschutzerkl\u00e4rung\"<\/span><\/a><\/p>\n","protected":false},"author":3,"featured_media":0,"parent":0,"menu_order":0,"comment_status":"closed","ping_status":"closed","template":"","meta":{"footnotes":""},"class_list":["post-190","page","type-page","status-publish","h-entry","hentry","h-as-page"],"_links":{"self":[{"href":"https:\/\/www.di-druck.de\/index.php\/wp-json\/wp\/v2\/pages\/190","targetHints":{"allow":["GET"]}}],"collection":[{"href":"https:\/\/www.di-druck.de\/index.php\/wp-json\/wp\/v2\/pages"}],"about":[{"href":"https:\/\/www.di-druck.de\/index.php\/wp-json\/wp\/v2\/types\/page"}],"author":[{"embeddable":true,"href":"https:\/\/www.di-druck.de\/index.php\/wp-json\/wp\/v2\/users\/3"}],"replies":[{"embeddable":true,"href":"https:\/\/www.di-druck.de\/index.php\/wp-json\/wp\/v2\/comments?post=190"}],"version-history":[{"count":3,"href":"https:\/\/www.di-druck.de\/index.php\/wp-json\/wp\/v2\/pages\/190\/revisions"}],"predecessor-version":[{"id":279,"href":"https:\/\/www.di-druck.de\/index.php\/wp-json\/wp\/v2\/pages\/190\/revisions\/279"}],"wp:attachment":[{"href":"https:\/\/www.di-druck.de\/index.php\/wp-json\/wp\/v2\/media?parent=190"}],"curies":[{"name":"wp","href":"https:\/\/api.w.org\/{rel}","templated":true}]}}