{"id":174,"date":"2018-05-07T11:30:18","date_gmt":"2018-05-07T09:30:18","guid":{"rendered":"http:\/\/www.di-druck.de\/?page_id=174"},"modified":"2018-05-07T11:30:18","modified_gmt":"2018-05-07T09:30:18","slug":"mitgliedschaft-und-beitraege","status":"publish","type":"page","link":"https:\/\/www.di-druck.de\/index.php\/mitgliedschaft-und-beitraege\/","title":{"rendered":"Mitgliedschaft und Beitr\u00e4ge"},"content":{"rendered":"<p>\u00dcber die H\u00f6he der Mitgliedsbeitr\u00e4ge und deren Verwendung entscheidet die Mitgliederversammlung des DID. Derzeit sieht das Mitgliedermodell drei Stufen vor:<\/p>\n<ul>\n<li>Die <strong>Basismitgliedschaft<\/strong> im DID mit einem Beitrag von 1.600 Euro pro Jahr.<\/li>\n<li>Die <strong>F\u00f6rdermitgliedschaft<\/strong>, die neben dem Basisbeitrag das DID mit einem zus\u00e4tzlichen Beitrag unterst\u00fctzt und die besondere Vorteile und Partizipationsm\u00f6glichkeiten mit sich bringt. Der F\u00f6r-derbeitrag bemisst sich nach der Unternehmensgr\u00f6\u00dfe folgenderma\u00dfen:\n<ul>\n<li>Unternehmen mit weniger als 50 Mitarbeitern: zus\u00e4tzlich zum Basisbeitrag 1.000 Euro pro Jahr<\/li>\n<li>Unternehmen mit 50\u2013500 Mitarbeitern: zus\u00e4tzlich zum Basisbeitrag 2.000 Euro pro Jahr<\/li>\n<li>Unternehmen mit mehr als 500 Mitarbeitern: zus\u00e4tzlich zum Basisbeitrag 3.000 Euro pro Jahr<\/li>\n<\/ul>\n<\/li>\n<li><strong>Einzelmitglieder<\/strong> ohne Unternehmen zahlen 100 Euro j\u00e4hrlich.<\/li>\n<\/ul>\n","protected":false},"excerpt":{"rendered":"<p>\u00dcber die H\u00f6he der Mitgliedsbeitr\u00e4ge und deren Verwendung entscheidet die Mitgliederversammlung des DID. Derzeit sieht das Mitgliedermodell drei Stufen vor: Die Basismitgliedschaft im DID mit einem Beitrag von 1.600 Euro pro Jahr. Die F\u00f6rdermitgliedschaft, die neben dem Basisbeitrag das DID mit einem zus\u00e4tzlichen Beitrag unterst\u00fctzt und die besondere Vorteile und Partizipationsm\u00f6glichkeiten mit sich bringt. Der <a href=\"https:\/\/www.di-druck.de\/index.php\/mitgliedschaft-und-beitraege\/\" class=\"more-link\">...weiterlesen<span class=\"screen-reader-text\"> \"Mitgliedschaft und Beitr\u00e4ge\"<\/span><\/a><\/p>\n","protected":false},"author":3,"featured_media":0,"parent":0,"menu_order":0,"comment_status":"closed","ping_status":"closed","template":"","meta":{"footnotes":""},"class_list":["post-174","page","type-page","status-publish","h-entry","hentry","h-as-page"],"_links":{"self":[{"href":"https:\/\/www.di-druck.de\/index.php\/wp-json\/wp\/v2\/pages\/174","targetHints":{"allow":["GET"]}}],"collection":[{"href":"https:\/\/www.di-druck.de\/index.php\/wp-json\/wp\/v2\/pages"}],"about":[{"href":"https:\/\/www.di-druck.de\/index.php\/wp-json\/wp\/v2\/types\/page"}],"author":[{"embeddable":true,"href":"https:\/\/www.di-druck.de\/index.php\/wp-json\/wp\/v2\/users\/3"}],"replies":[{"embeddable":true,"href":"https:\/\/www.di-druck.de\/index.php\/wp-json\/wp\/v2\/comments?post=174"}],"version-history":[{"count":1,"href":"https:\/\/www.di-druck.de\/index.php\/wp-json\/wp\/v2\/pages\/174\/revisions"}],"predecessor-version":[{"id":175,"href":"https:\/\/www.di-druck.de\/index.php\/wp-json\/wp\/v2\/pages\/174\/revisions\/175"}],"wp:attachment":[{"href":"https:\/\/www.di-druck.de\/index.php\/wp-json\/wp\/v2\/media?parent=174"}],"curies":[{"name":"wp","href":"https:\/\/api.w.org\/{rel}","templated":true}]}}