{"id":170,"date":"2018-05-07T11:28:15","date_gmt":"2018-05-07T09:28:15","guid":{"rendered":"http:\/\/www.di-druck.de\/?page_id=170"},"modified":"2020-09-03T16:52:56","modified_gmt":"2020-09-03T14:52:56","slug":"leistungsspektrum-beteiligungsmoeglichkeiten-der-did-mitglieder","status":"publish","type":"page","link":"https:\/\/www.di-druck.de\/index.php\/leistungsspektrum-beteiligungsmoeglichkeiten-der-did-mitglieder\/","title":{"rendered":"Leistungsspektrum \u2013 Beteiligungsm\u00f6glichkeiten der DID-Mitglieder"},"content":{"rendered":"<p>Das Deutsche Institut Druck ist r\u00e4umlich und fachlich eng mit dem Bundesverband Druck und Medien verbunden. Beide arbeiten in vielen Projekten erfolgreich zusammen und f\u00f6rdern gemeinsam die Druck- und Medienbranche in Deutschland. Davon profitieren auch die Mitglieder des DID.<\/p>\n<p>Der Bundesverband Druck und Medien ist eine weit verzweigte und moderne Branchenvertretung, in der Unternehmen aus allen Bereichen der Druckindustrie organisiert sind. Der bvdm bezieht die der Druckindustrie verwandten Industriezweige \u00fcber das DID in seine Arbeit ein, pflegt den Dialog mit der Zulieferindustrie und l\u00e4sst Ideen und Informationen zur Weiterentwicklung der Branche in die eigene Arbeit einflie\u00dfen. Praktisch geschieht das durch die Mitwirkung der DID-F\u00f6rdermitglieder in der Gremienarbeit des bvdm. In Kooperation mit dem Ausschuss Technik + Forschung des bvdm, der die betrieblichen Wertsch\u00f6pfungsprozesse in Druckereien von der Medienvorstufe bis zur Logistik abdeckt, werden Projekte geplant und durchgef\u00fchrt. Dabei unterst\u00fctze das DID die Projekte einerseits durch seine Beitr\u00e4ge finanziell, aber auch fachlich und ideell durch den Austausch mit den DID-Mitglieder.<\/p>\n","protected":false},"excerpt":{"rendered":"<p>Das Deutsche Institut Druck ist r\u00e4umlich und fachlich eng mit dem Bundesverband Druck und Medien verbunden. Beide arbeiten in vielen Projekten erfolgreich zusammen und f\u00f6rdern gemeinsam die Druck- und Medienbranche in Deutschland. Davon profitieren auch die Mitglieder des DID. Der Bundesverband Druck und Medien ist eine weit verzweigte und moderne Branchenvertretung, in der Unternehmen aus <a href=\"https:\/\/www.di-druck.de\/index.php\/leistungsspektrum-beteiligungsmoeglichkeiten-der-did-mitglieder\/\" class=\"more-link\">...weiterlesen<span class=\"screen-reader-text\"> \"Leistungsspektrum \u2013 Beteiligungsm\u00f6glichkeiten der DID-Mitglieder\"<\/span><\/a><\/p>\n","protected":false},"author":3,"featured_media":0,"parent":0,"menu_order":0,"comment_status":"closed","ping_status":"closed","template":"","meta":{"footnotes":""},"class_list":["post-170","page","type-page","status-publish","h-entry","hentry","h-as-page"],"_links":{"self":[{"href":"https:\/\/www.di-druck.de\/index.php\/wp-json\/wp\/v2\/pages\/170","targetHints":{"allow":["GET"]}}],"collection":[{"href":"https:\/\/www.di-druck.de\/index.php\/wp-json\/wp\/v2\/pages"}],"about":[{"href":"https:\/\/www.di-druck.de\/index.php\/wp-json\/wp\/v2\/types\/page"}],"author":[{"embeddable":true,"href":"https:\/\/www.di-druck.de\/index.php\/wp-json\/wp\/v2\/users\/3"}],"replies":[{"embeddable":true,"href":"https:\/\/www.di-druck.de\/index.php\/wp-json\/wp\/v2\/comments?post=170"}],"version-history":[{"count":2,"href":"https:\/\/www.di-druck.de\/index.php\/wp-json\/wp\/v2\/pages\/170\/revisions"}],"predecessor-version":[{"id":252,"href":"https:\/\/www.di-druck.de\/index.php\/wp-json\/wp\/v2\/pages\/170\/revisions\/252"}],"wp:attachment":[{"href":"https:\/\/www.di-druck.de\/index.php\/wp-json\/wp\/v2\/media?parent=170"}],"curies":[{"name":"wp","href":"https:\/\/api.w.org\/{rel}","templated":true}]}}