{"id":167,"date":"2018-05-07T11:25:45","date_gmt":"2018-05-07T09:25:45","guid":{"rendered":"http:\/\/www.di-druck.de\/?page_id=167"},"modified":"2020-09-03T16:53:28","modified_gmt":"2020-09-03T14:53:28","slug":"das-did","status":"publish","type":"page","link":"https:\/\/www.di-druck.de\/index.php\/das-did\/","title":{"rendered":"Das DID"},"content":{"rendered":"<p>Das Deutsche Institut Druck E.V. (DID) ist eine gemeinn\u00fctzige Organisation der Zulieferer der Druck- und Medienindustrie. Das DID besteht seit 1975 und arbeitet seit seiner Gr\u00fcndung eng mit dem Bundesverband Druck und Medien e.V. (bvdm) zusammen.<\/p>\n<p>Das DID ist selbstlos t\u00e4tig und verfolgt keine eigenwirtschaftlichen Zwecke. Es hat das Ziel, technische, umweltschutzrelevante und betriebsbezogene Erkenntnisse im und aus dem Umfeld des Industriezweiges Druck zu sammeln, zu mehren und der praktischen Anwendung zug\u00e4nglich zu machen, durch<\/p>\n<ul>\n<li>F\u00f6rderung der Berufs-, Aus- und Fortbildung (z. B. mit Veranstaltungen)<\/li>\n<li>F\u00f6rderung von Forschungs- und Entwicklungsarbeiten auf dem gesamten technischen Gebiet des Druckwesens und seiner Zulieferindustrie, sowie der indirekten Beteiligung an der Normungsarbeit (DIN Normenausschuss Druck- und Reproduktionstechnik)<\/li>\n<li>F\u00f6rderung eines Erfahrungs- und Informationsaustausches zwischen interessierten Beh\u00f6rden, Instituten, Verb\u00e4nden, Unternehmen und Personen<br \/>\nVeranstaltung von Kongressen und fachorientierten Tagungen<\/li>\n<li>Tr\u00e4gerschaft von Stiftungen:<br \/>\nDie \u201eStiftung zur F\u00f6rderung der Ausbildung in der Druckindustrie\u201c wird durch das DID treuh\u00e4nderisch verwaltet. Die Stiftung f\u00f6rdert mit Wettbewerben und verschiedenen Projekten Auszubildende und die Ausbildung in der Branche insgesamt.<\/li>\n<li>\u00d6ffentlichkeitsarbeit f\u00fcr die Druckbranche<\/li>\n<\/ul>\n<h2 class=\"Default\">Mitglieder k\u00f6nnen werden<\/h2>\n<ul>\n<li class=\"Default\">Hersteller von Maschinen, Hard- und Softwaresystemen, Substraten, Farben, Peripherie, Papier, Hilfsstoffen etc. f\u00fcr die Druckindustrie<\/li>\n<li class=\"Default\">Unternehmen und Personen, die der Druckindustrie nahestehen<\/li>\n<\/ul>\n<hr>\n","protected":false},"excerpt":{"rendered":"<p>Das Deutsche Institut Druck E.V. (DID) ist eine gemeinn\u00fctzige Organisation der Zulieferer der Druck- und Medienindustrie. Das DID besteht seit 1975 und arbeitet seit seiner Gr\u00fcndung eng mit dem Bundesverband Druck und Medien e.V. (bvdm) zusammen. Das DID ist selbstlos t\u00e4tig und verfolgt keine eigenwirtschaftlichen Zwecke. Es hat das Ziel, technische, umweltschutzrelevante und betriebsbezogene Erkenntnisse <a href=\"https:\/\/www.di-druck.de\/index.php\/das-did\/\" class=\"more-link\">...weiterlesen<span class=\"screen-reader-text\"> \"Das DID\"<\/span><\/a><\/p>\n","protected":false},"author":3,"featured_media":0,"parent":0,"menu_order":0,"comment_status":"closed","ping_status":"closed","template":"","meta":{"footnotes":""},"class_list":["post-167","page","type-page","status-publish","h-entry","hentry","h-as-page"],"_links":{"self":[{"href":"https:\/\/www.di-druck.de\/index.php\/wp-json\/wp\/v2\/pages\/167","targetHints":{"allow":["GET"]}}],"collection":[{"href":"https:\/\/www.di-druck.de\/index.php\/wp-json\/wp\/v2\/pages"}],"about":[{"href":"https:\/\/www.di-druck.de\/index.php\/wp-json\/wp\/v2\/types\/page"}],"author":[{"embeddable":true,"href":"https:\/\/www.di-druck.de\/index.php\/wp-json\/wp\/v2\/users\/3"}],"replies":[{"embeddable":true,"href":"https:\/\/www.di-druck.de\/index.php\/wp-json\/wp\/v2\/comments?post=167"}],"version-history":[{"count":5,"href":"https:\/\/www.di-druck.de\/index.php\/wp-json\/wp\/v2\/pages\/167\/revisions"}],"predecessor-version":[{"id":211,"href":"https:\/\/www.di-druck.de\/index.php\/wp-json\/wp\/v2\/pages\/167\/revisions\/211"}],"wp:attachment":[{"href":"https:\/\/www.di-druck.de\/index.php\/wp-json\/wp\/v2\/media?parent=167"}],"curies":[{"name":"wp","href":"https:\/\/api.w.org\/{rel}","templated":true}]}}